{"id":322,"date":"2023-12-18T11:55:25","date_gmt":"2023-12-18T10:55:25","guid":{"rendered":"https:\/\/lighthouseresidences.es\/aviso-legal\/"},"modified":"2024-02-29T09:50:50","modified_gmt":"2024-02-29T08:50:50","slug":"legal-advice","status":"publish","type":"page","link":"https:\/\/lighthouseresidences.es\/ru\/legal-advice\/","title":{"rendered":"Aviso Legal"},"content":{"rendered":"\n<div class=\"wp-block-group container mt-5\"><div class=\"wp-block-group__inner-container is-layout-constrained wp-block-group-is-layout-constrained\">\n<h1 class=\"wp-block-heading\">Aviso legal<\/h1>\n\n\n\n<p>test<\/p>\n<\/div><\/div>\n","protected":false},"excerpt":{"rendered":"<p>Aviso legal test<\/p>\n","protected":false},"author":1,"featured_media":0,"parent":0,"menu_order":0,"comment_status":"closed","ping_status":"closed","template":"","meta":{"_acf_changed":false,"inline_featured_image":false,"footnotes":""},"class_list":["post-322","page","type-page","status-publish","hentry"],"acf":[],"yoast_head":"<!-- This site is optimized with the Yoast SEO plugin v27.5 - https:\/\/yoast.com\/product\/yoast-seo-wordpress\/ -->\n<title>Aviso Legal - Lighthouse Residences<\/title>\n<meta name=\"robots\" content=\"index, follow, max-snippet:-1, max-image-preview:large, max-video-preview:-1\" \/>\n<link rel=\"canonical\" href=\"https:\/\/lighthouseresidences.es\/ru\/legal-advice\/\" \/>\n<meta property=\"og:locale\" content=\"ru_RU\" \/>\n<meta property=\"og:type\" content=\"article\" \/>\n<meta property=\"og:title\" content=\"Aviso Legal - Lighthouse Residences\" \/>\n<meta property=\"og:description\" content=\"Aviso legal test\" \/>\n<meta property=\"og:url\" content=\"https:\/\/lighthouseresidences.es\/ru\/legal-advice\/\" \/>\n<meta property=\"og:site_name\" content=\"Lighthouse Residences\" \/>\n<meta property=\"article:modified_time\" content=\"2024-02-29T08:50:50+00:00\" \/>\n<meta property=\"og:image\" content=\"https:\/\/lighthouseresidences.es\/wp-content\/uploads\/2024\/01\/Elmuelle_Cam_7_hd.0000.jpg\" \/>\n\t<meta property=\"og:image:width\" content=\"1920\" \/>\n\t<meta property=\"og:image:height\" content=\"960\" \/>\n\t<meta property=\"og:image:type\" content=\"image\/jpeg\" \/>\n<meta name=\"twitter:card\" content=\"summary_large_image\" \/>\n<meta name=\"twitter:label1\" content=\"\u041f\u0440\u0438\u043c\u0435\u0440\u043d\u043e\u0435 \u0432\u0440\u0435\u043c\u044f \u0434\u043b\u044f \u0447\u0442\u0435\u043d\u0438\u044f\" \/>\n\t<meta name=\"twitter:data1\" content=\"1 \u043c\u0438\u043d\u0443\u0442\u0430\" \/>\n<script type=\"application\/ld+json\" class=\"yoast-schema-graph\">{\"@context\":\"https:\\\/\\\/schema.org\",\"@graph\":[{\"@type\":\"WebPage\",\"@id\":\"https:\\\/\\\/lighthouseresidences.es\\\/ru\\\/legal-advice\\\/\",\"url\":\"https:\\\/\\\/lighthouseresidences.es\\\/ru\\\/legal-advice\\\/\",\"name\":\"Aviso Legal - Lighthouse Residences\",\"isPartOf\":{\"@id\":\"https:\\\/\\\/lighthouseresidences.es\\\/ru\\\/#website\"},\"datePublished\":\"2023-12-18T10:55:25+00:00\",\"dateModified\":\"2024-02-29T08:50:50+00:00\",\"breadcrumb\":{\"@id\":\"https:\\\/\\\/lighthouseresidences.es\\\/ru\\\/legal-advice\\\/#breadcrumb\"},\"inLanguage\":\"ru-RU\",\"potentialAction\":[{\"@type\":\"ReadAction\",\"target\":[\"https:\\\/\\\/lighthouseresidences.es\\\/ru\\\/legal-advice\\\/\"]}]},{\"@type\":\"BreadcrumbList\",\"@id\":\"https:\\\/\\\/lighthouseresidences.es\\\/ru\\\/legal-advice\\\/#breadcrumb\",\"itemListElement\":[{\"@type\":\"ListItem\",\"position\":1,\"name\":\"Home\",\"item\":\"https:\\\/\\\/lighthouseresidences.es\\\/ru\\\/\"},{\"@type\":\"ListItem\",\"position\":2,\"name\":\"Aviso Legal\"}]},{\"@type\":\"WebSite\",\"@id\":\"https:\\\/\\\/lighthouseresidences.es\\\/ru\\\/#website\",\"url\":\"https:\\\/\\\/lighthouseresidences.es\\\/ru\\\/\",\"name\":\"Lighthouse Residences\",\"description\":\"En Lighthouse Residences, descubrir\u00e1s una exclusiva colecci\u00f3n de propiedades con las vistas m\u00e1s espectaculares del Higuer\u00f3n.\",\"publisher\":{\"@id\":\"https:\\\/\\\/lighthouseresidences.es\\\/ru\\\/#organization\"},\"potentialAction\":[{\"@type\":\"SearchAction\",\"target\":{\"@type\":\"EntryPoint\",\"urlTemplate\":\"https:\\\/\\\/lighthouseresidences.es\\\/ru\\\/?s={search_term_string}\"},\"query-input\":{\"@type\":\"PropertyValueSpecification\",\"valueRequired\":true,\"valueName\":\"search_term_string\"}}],\"inLanguage\":\"ru-RU\"},{\"@type\":\"Organization\",\"@id\":\"https:\\\/\\\/lighthouseresidences.es\\\/ru\\\/#organization\",\"name\":\"Lighthouse Residences\",\"url\":\"https:\\\/\\\/lighthouseresidences.es\\\/ru\\\/\",\"logo\":{\"@type\":\"ImageObject\",\"inLanguage\":\"ru-RU\",\"@id\":\"https:\\\/\\\/lighthouseresidences.es\\\/ru\\\/#\\\/schema\\\/logo\\\/image\\\/\",\"url\":\"https:\\\/\\\/thelighthousehigueron.com\\\/wp-content\\\/uploads\\\/2023\\\/12\\\/Logo.svg\",\"contentUrl\":\"https:\\\/\\\/thelighthousehigueron.com\\\/wp-content\\\/uploads\\\/2023\\\/12\\\/Logo.svg\",\"width\":255,\"height\":80,\"caption\":\"Lighthouse Residences\"},\"image\":{\"@id\":\"https:\\\/\\\/lighthouseresidences.es\\\/ru\\\/#\\\/schema\\\/logo\\\/image\\\/\"}}]}<\/script>\n<!-- \/ Yoast SEO plugin. -->","yoast_head_json":{"title":"Aviso Legal - Lighthouse Residences","robots":{"index":"index","follow":"follow","max-snippet":"max-snippet:-1","max-image-preview":"max-image-preview:large","max-video-preview":"max-video-preview:-1"},"canonical":"https:\/\/lighthouseresidences.es\/ru\/legal-advice\/","og_locale":"ru_RU","og_type":"article","og_title":"Aviso Legal - Lighthouse Residences","og_description":"Aviso legal test","og_url":"https:\/\/lighthouseresidences.es\/ru\/legal-advice\/","og_site_name":"Lighthouse Residences","article_modified_time":"2024-02-29T08:50:50+00:00","og_image":[{"width":1920,"height":960,"url":"https:\/\/lighthouseresidences.es\/wp-content\/uploads\/2024\/01\/Elmuelle_Cam_7_hd.0000.jpg","type":"image\/jpeg"}],"twitter_card":"summary_large_image","twitter_misc":{"\u041f\u0440\u0438\u043c\u0435\u0440\u043d\u043e\u0435 \u0432\u0440\u0435\u043c\u044f \u0434\u043b\u044f \u0447\u0442\u0435\u043d\u0438\u044f":"1 \u043c\u0438\u043d\u0443\u0442\u0430"},"schema":{"@context":"https:\/\/schema.org","@graph":[{"@type":"WebPage","@id":"https:\/\/lighthouseresidences.es\/ru\/legal-advice\/","url":"https:\/\/lighthouseresidences.es\/ru\/legal-advice\/","name":"Aviso Legal - Lighthouse Residences","isPartOf":{"@id":"https:\/\/lighthouseresidences.es\/ru\/#website"},"datePublished":"2023-12-18T10:55:25+00:00","dateModified":"2024-02-29T08:50:50+00:00","breadcrumb":{"@id":"https:\/\/lighthouseresidences.es\/ru\/legal-advice\/#breadcrumb"},"inLanguage":"ru-RU","potentialAction":[{"@type":"ReadAction","target":["https:\/\/lighthouseresidences.es\/ru\/legal-advice\/"]}]},{"@type":"BreadcrumbList","@id":"https:\/\/lighthouseresidences.es\/ru\/legal-advice\/#breadcrumb","itemListElement":[{"@type":"ListItem","position":1,"name":"Home","item":"https:\/\/lighthouseresidences.es\/ru\/"},{"@type":"ListItem","position":2,"name":"Aviso Legal"}]},{"@type":"WebSite","@id":"https:\/\/lighthouseresidences.es\/ru\/#website","url":"https:\/\/lighthouseresidences.es\/ru\/","name":"Lighthouse Residences","description":"En Lighthouse Residences, descubrir\u00e1s una exclusiva colecci\u00f3n de propiedades con las vistas m\u00e1s espectaculares del Higuer\u00f3n.","publisher":{"@id":"https:\/\/lighthouseresidences.es\/ru\/#organization"},"potentialAction":[{"@type":"SearchAction","target":{"@type":"EntryPoint","urlTemplate":"https:\/\/lighthouseresidences.es\/ru\/?s={search_term_string}"},"query-input":{"@type":"PropertyValueSpecification","valueRequired":true,"valueName":"search_term_string"}}],"inLanguage":"ru-RU"},{"@type":"Organization","@id":"https:\/\/lighthouseresidences.es\/ru\/#organization","name":"Lighthouse Residences","url":"https:\/\/lighthouseresidences.es\/ru\/","logo":{"@type":"ImageObject","inLanguage":"ru-RU","@id":"https:\/\/lighthouseresidences.es\/ru\/#\/schema\/logo\/image\/","url":"https:\/\/thelighthousehigueron.com\/wp-content\/uploads\/2023\/12\/Logo.svg","contentUrl":"https:\/\/thelighthousehigueron.com\/wp-content\/uploads\/2023\/12\/Logo.svg","width":255,"height":80,"caption":"Lighthouse Residences"},"image":{"@id":"https:\/\/lighthouseresidences.es\/ru\/#\/schema\/logo\/image\/"}}]}},"_links":{"self":[{"href":"https:\/\/lighthouseresidences.es\/ru\/wp-json\/wp\/v2\/pages\/322","targetHints":{"allow":["GET"]}}],"collection":[{"href":"https:\/\/lighthouseresidences.es\/ru\/wp-json\/wp\/v2\/pages"}],"about":[{"href":"https:\/\/lighthouseresidences.es\/ru\/wp-json\/wp\/v2\/types\/page"}],"author":[{"embeddable":true,"href":"https:\/\/lighthouseresidences.es\/ru\/wp-json\/wp\/v2\/users\/1"}],"replies":[{"embeddable":true,"href":"https:\/\/lighthouseresidences.es\/ru\/wp-json\/wp\/v2\/comments?post=322"}],"version-history":[{"count":1,"href":"https:\/\/lighthouseresidences.es\/ru\/wp-json\/wp\/v2\/pages\/322\/revisions"}],"predecessor-version":[{"id":372,"href":"https:\/\/lighthouseresidences.es\/ru\/wp-json\/wp\/v2\/pages\/322\/revisions\/372"}],"wp:attachment":[{"href":"https:\/\/lighthouseresidences.es\/ru\/wp-json\/wp\/v2\/media?parent=322"}],"curies":[{"name":"wp","href":"https:\/\/api.w.org\/{rel}","templated":true}]}}